{"id":890,"date":"2019-08-02T10:30:48","date_gmt":"2019-08-02T08:30:48","guid":{"rendered":"https:\/\/www.eos-audio.com\/?page_id=3"},"modified":"2019-11-02T16:33:07","modified_gmt":"2019-11-02T15:33:07","slug":"datenschutz-sicherheit","status":"publish","type":"page","link":"https:\/\/www.eos-audio.com\/en_GB\/datenschutz-sicherheit\/","title":{"rendered":"Datenschutzerkl\u00e4rung"},"content":{"rendered":"<div id=\"main_0_divIntrotext\" class=\"intro-text\">\n<p>Der Betreiber dieser Seite nimmt den Schutz von pers\u00f6nlichen Daten sehr ernst und h\u00e4lt sich strikt an die Regeln der Datenschutzgesetze. Personenbezogene Daten werden auf dieser Webseite nur im technisch notwendigen Umfang erhoben. In keinem Fall werden die erhobenen Daten verkauft oder aus anderen Gr\u00fcnden an Dritte weitergegeben.<\/p>\n<p>Wir weisen darauf hin, dass die Daten\u00fcbertragung im Internet (z.B. bei der Kommunikation per E-Mail) Sicherheitsl\u00fccken aufweisen kann. Ein l\u00fcckenloser Schutz der Daten vor dem Zugriff durch Dritte ist nicht m\u00f6glich.<\/p>\n<p>Der Nutzung unserer im Rahmen der Impressumspflicht ver\u00f6ffentlichten Kontaktdaten durch Dritte zur \u00dcbersendung von nicht ausdr\u00fccklich angeforderter Werbung und Informationsmaterialien wird hiermit ausdr\u00fccklich widersprochen. Wir behalten uns ausdr\u00fccklich rechtliche Schritte im Falle der unverlangten Zusendung von Werbeinformationen, etwa durch Spam-Mails, vor.<\/p>\n<p>Die nachfolgenden Ausf\u00fchrungen geben einen \u00dcberblick, wie der Betreiber dieser Seite diesen Schutz gew\u00e4hrleistet und welche Art von Daten zu welchem Zweck erhoben werden.<\/p>\n<\/div>\n<div class=\"mediabox mediabox--small\">\n<div class=\"mediabox__text\">\n<h5>Erhebung, Verarbeitung und Nutzung personenbezogener Daten<\/h5>\n<p>Sie k\u00f6nnen unsere Seite besuchen, ohne Angaben zu Ihrer Person zu machen. Wir speichern lediglich Zugriffsdaten ohne Personenbezug wie z. B. den Namen Ihres Internet Service Providers, die Seite, von der aus Sie uns besuchen oder den Namen der angeforderten Datei. Diese Daten werden ausschlie\u00dflich zur Verbesserung unseres Angebotes ausgewertet und erlauben keinen R\u00fcckschluss auf Ihre Person.<\/p>\n<p>Personenbezogene Daten werden nur erhoben, wenn Sie uns diese im Rahmen Ihrer Warenbestellung\u00a0 freiwillig mitteilen oder mit uns per E-Mail in Kontakt treten. Wir verwenden die von Ihnen mitgeteilten Daten ohne Ihre gesonderte Einwilligung ausschlie\u00dflich zur Erf\u00fcllung und Abwicklung Ihrer Bestellung oder Anfrage. Mit vollst\u00e4ndiger Abwicklung des Vertrages und vollst\u00e4ndiger Kaufpreiszahlung werden Ihre Daten f\u00fcr die weitere Verwendung gesperrt und nach Ablauf der steuer- und handelsrechtlichen Vorschriften gel\u00f6scht, sofern Sie nicht ausdr\u00fccklich in die weitere Nutzung Ihrer Daten eingewilligt haben. Weitergabe personenbezogener Daten, Bonit\u00e4tspr\u00fcfung<\/p>\n<p>Eine Weitergabe Ihrer Daten erfolgt an das mit der Lieferung beauftragte Versandunternehmen, soweit dies zur Lieferung der Waren notwendig ist. Zur Abwicklung von Zahlungen geben wir Ihre Zahlungsdaten an das mit der Zahlung beauftragte Kreditinstitut weiter. Kreditkartendaten werden nicht gespeichert, sondern direkt von unserem Payment-Dienstleister Concardis GmbH, Helfmann-Park 7, 65760 Eschborn erhoben und verarbeitet.<\/p>\n<h5>Kinder und Jugendliche<\/h5>\n<p>Personen unter 18 Jahren sollten ohne Zustimmung der Eltern oder Erziehungsberechtigten keine personenbezogenen Daten an unsere Seite \u00fcbermitteln. Es werden keine personenbezogenen Daten von Kindern und Jugendlichen angefordert, gesammelt oder an Dritte weiter geleitet.<\/p>\n<h5>Verwendung von Cookies<\/h5>\n<p>Sie k\u00f6nnen die allgemeinen Informationen auf www.eos-verlag.de grunds\u00e4tzlich ohne Offenlegung Ihrer pers\u00f6nlichen Daten nutzen. Cookies dienen dazu, das Angebot nutzerfreundlicher, effektiver und sicherer zu machen. Cookies sind kleine Textdateien, die auf dem eingew\u00e4hlten Rechner abgelegt werden und die der Browser speichert. Die meisten der von dieser Seite verwendeten Cookies sind so genannte \u201cSession-Cookies\u201d. Sie werden nach Ende des Besuchs automatisch gel\u00f6scht. Cookies richten auf dem eingew\u00e4hlten Rechner keinen Schaden an und enthalten keine Viren.<\/p>\n<h5>Datensicherheit mit SSL<\/h5>\n<p>Ihre personenbezogenen Daten werden innerhalb des Kaufprozesses verschl\u00fcsselt mittels SSL-Verfahren (Secure Socket Layer) \u00fcber das Internet \u00fcbertragen. Wir sichern unsere Website und sonstigen Systeme durch technische und organisatorische Ma\u00dfnahmen gegen Verlust, Zerst\u00f6rung, Zugriff, Ver\u00e4nderung oder Verbreitung Ihrer Daten durch unbefugte Personen. Trotz regelm\u00e4\u00dfiger Kontrollen ist ein vollst\u00e4ndiger Schutz gegen Gefahren jedoch nicht m\u00f6glich.<\/p>\n<h5>Auskunftsrecht<\/h5>\n<p>Nach dem Bundesdatenschutzgesetz haben Sie ein Recht auf unentgeltliche Auskunft \u00fcber Ihre gespeicherten Daten sowie ggf. ein Recht auf Berichtigung, Sperrung oder L\u00f6schung dieser Daten.<\/p>\n<h5>Widerruf von Einwilligungen<\/h5>\n<p>Die nachstehenden Einwilligungen haben Sie ggf. im Verlauf des Bestellprozesses ausdr\u00fccklich erteilt. Wir m\u00f6chten Sie darauf hinweisen, dass Sie Ihre Einwilligung jederzeit mit Wirkung f\u00fcr die Zukunft widerrufen k\u00f6nnen.<\/p>\n<h5>Newsletteranmeldung<\/h5>\n<p>Wir bieten Ihnen in K\u00fcrze einen kostenfreien Newsletter an. Mit diesem Newsletter m\u00f6chten wir sie \u00fcber aktuelle Angebote, neue Produkte, Veranstaltungen oder andere Neuigkeiten aus unserem Unternehmen informieren. Daf\u00fcr ben\u00f6tigen wir Ihre E-Mail-Adresse. Den Newsletter erhalten Sie nur, wenn Sie sich daf\u00fcr auf unserer Webseite registrieren. Dies kann auch w\u00e4hrend des Bestellvorgangs geschehen. Sie erhalten dann von uns in jedem Fall eine E-Mail, mit der Sie aufgefordert werden, die Registrierung zu best\u00e4tigen. Erst nach der Best\u00e4tigung erhalten Sie unseren Newsletter. Falls Sie sich nur f\u00fcr den Newsletter registriert haben, werden wir Ihre E-Mail-Adresse ausschlie\u00dflich f\u00fcr den Newsletterversand benutzen. Diesen kostenlosen Service k\u00f6nnen Sie jederzeit mit Wirkung f\u00fcr die Zukunft widerrufen, indem Sie den Link \u201eAbmelden\u201c am Ende des Newsletters anklicken.<\/p>\n<h5>Ansprechpartner f\u00fcr Datenschutz<\/h5>\n<p>Verantwortliche Stelle nach der Kirchlichen Datenschutzregelung der Ordensgemeinschaft p\u00e4pstlichen Rechts (KDR-OG) ist die Erzabtei St. Ottilien, K\u00f6rperschaft des \u00d6ffentlichen Rechts, 86941 St. Ottilien. Bei Fragen zur Erhebung, Verarbeitung oder Nutzung Ihrer personenbezogenen Daten, bei Ausk\u00fcnften, Berichtigung, Sperrung oder L\u00f6schung von Daten sowie Widerruf erteilter Einwilligungen wenden Sie sich bitte an die vorstehend genannte Adresse oder per E-Mail an: webmaster@ottilien.de.<br \/>Unter diesen Adressen k\u00f6nnen Sie auch jederzeit Ihre bei uns gespeicherten Daten abfragen, \u00e4ndern, sperren oder l\u00f6schen lassen.<\/p>\n<p>Stand: Mai 2018<\/p>\n<\/div>\n<\/div>\n","protected":false},"excerpt":{"rendered":"<p>&#8230;<\/p>\n","protected":false},"author":1,"featured_media":0,"parent":0,"menu_order":20,"comment_status":"closed","ping_status":"closed","template":"","meta":[],"_links":{"self":[{"href":"https:\/\/www.eos-audio.com\/en_GB\/wp-json\/wp\/v2\/pages\/890"}],"collection":[{"href":"https:\/\/www.eos-audio.com\/en_GB\/wp-json\/wp\/v2\/pages"}],"about":[{"href":"https:\/\/www.eos-audio.com\/en_GB\/wp-json\/wp\/v2\/types\/page"}],"author":[{"embeddable":true,"href":"https:\/\/www.eos-audio.com\/en_GB\/wp-json\/wp\/v2\/users\/1"}],"replies":[{"embeddable":true,"href":"https:\/\/www.eos-audio.com\/en_GB\/wp-json\/wp\/v2\/comments?post=890"}],"version-history":[{"count":1,"href":"https:\/\/www.eos-audio.com\/en_GB\/wp-json\/wp\/v2\/pages\/890\/revisions"}],"predecessor-version":[{"id":1136,"href":"https:\/\/www.eos-audio.com\/en_GB\/wp-json\/wp\/v2\/pages\/890\/revisions\/1136"}],"wp:attachment":[{"href":"https:\/\/www.eos-audio.com\/en_GB\/wp-json\/wp\/v2\/media?parent=890"}],"curies":[{"name":"wp","href":"https:\/\/api.w.org\/{rel}","templated":true}]}}